{"id":3187,"date":"2020-06-15T19:49:02","date_gmt":"2020-06-15T19:53:24","guid":{"rendered":"https:\/\/hairtamin.ma\/?product=hairtamin-advanced-formula"},"modified":"2026-04-29T14:57:07","modified_gmt":"2026-04-29T14:57:07","slug":"hairtamin-advanced-formula","status":"publish","type":"product","link":"https:\/\/hairtamin.ma\/?produit=hairtamin-advanced-formula","title":{"rendered":"HAIRtamin Advanced Formula"},"content":{"rendered":"\n<p class=\"has-black-color has-text-color\">EFFICACE POUR TOUS LES TYPES DE CHEVEUX, produits authentiques, made in USA &amp; distribu\u00e9s par HAIRtamin Maroc: Fonctionne pour les femmes et les hommes. Que ce soit en raison de l&#8217;\u00e2ge, de changements hormonaux, du regime, du stress ou de facteurs environnementaux, les cheveux peuvent \u00eatre endommag\u00e9s et avoir tendance \u00e0 perdre du poids. Plus souvent qu&#8217;autrement, nous voyons la cause premi\u00e8re de la perte de cheveux est un r\u00e9gime alimentaire d\u00e9pourvu de nutriments essentiels.<\/p>\n","protected":false},"excerpt":{"rendered":"<h4>1 Boite = 1 Mois de traitement = 30 Capsules<\/h4>\n<h4>1 Capsule par jour<\/h4>\n<p><strong>Puissant suppl\u00e9ment nourrissant pour les cheveux, avec des ingr\u00e9dients cliniquement prouv\u00e9s con\u00e7us pour soutenir des cheveux plus forts, plus longs et plus \u00e9pais.<\/strong><\/p>\n<p><strong>Distribut\u00e9 par HAIRtamin Maroc<\/strong><\/p>\n<p>Expire vers la fin de AO\u00dbT 2028<\/p>\n","protected":false},"featured_media":4003,"comment_status":"closed","ping_status":"closed","template":"","meta":{"_mi_skip_tracking":false},"product_cat":[66,66],"product_tag":[],"yoast_head":"<!-- This site is optimized with the Yoast SEO plugin v17.8 - https:\/\/yoast.com\/wordpress\/plugins\/seo\/ -->\n<title>HAIRtamin Advanced Formula - HAIRtamin Maroc<\/title>\n<meta name=\"description\" content=\"HAIRtamin Advanced Formula distibuted by HAIRtamin Maroc, puissant suppl\u00e9ment nourrissant pour les cheveux, avec des ingr\u00e9dients cliniquement prouv\u00e9s con\u00e7us pour soutenir des cheveux plus forts, plus longs et plus \u00e9pais.\" \/>\n<meta name=\"robots\" content=\"index, follow, max-snippet:-1, max-image-preview:large, max-video-preview:-1\" \/>\n<link rel=\"canonical\" href=\"https:\/\/hairtamin.ma\/?produit=hairtamin-advanced-formula\" \/>\n<meta property=\"og:locale\" content=\"fr_FR\" \/>\n<meta property=\"og:type\" content=\"article\" \/>\n<meta property=\"og:title\" content=\"HAIRtamin Advanced Formula\" \/>\n<meta property=\"og:description\" content=\"HAIRtamin Advanced Formula distibuted by HAIRtamin Maroc, puissant suppl\u00e9ment nourrissant pour les cheveux, avec des ingr\u00e9dients cliniquement prouv\u00e9s con\u00e7us pour soutenir des cheveux plus forts, plus longs et plus \u00e9pais.\" \/>\n<meta property=\"og:url\" content=\"https:\/\/hairtamin.ma\/?produit=hairtamin-advanced-formula\" \/>\n<meta property=\"og:site_name\" content=\"HAIRtamin Maroc\" \/>\n<meta property=\"article:modified_time\" content=\"2026-04-29T14:57:07+00:00\" \/>\n<meta property=\"og:image\" content=\"https:\/\/hairtamin.ma\/wp-content\/uploads\/2020\/06\/advanced-formula-01.jpg\" \/>\n\t<meta property=\"og:image:width\" content=\"1024\" \/>\n\t<meta property=\"og:image:height\" content=\"1024\" \/>\n<meta name=\"twitter:card\" content=\"summary_large_image\" \/>\n<script type=\"application\/ld+json\" class=\"yoast-schema-graph\">{\"@context\":\"https:\/\/schema.org\",\"@graph\":[{\"@type\":\"Organization\",\"@id\":\"https:\/\/hairtamin.ma\/#organization\",\"name\":\"HAIRtamin Maroc\",\"url\":\"https:\/\/hairtamin.ma\/\",\"sameAs\":[],\"logo\":{\"@type\":\"ImageObject\",\"@id\":\"https:\/\/hairtamin.ma\/#logo\",\"inLanguage\":\"fr-FR\",\"url\":\"https:\/\/hairtamin.ma\/wp-content\/uploads\/2021\/12\/IMG_20211227_125129.png\",\"contentUrl\":\"https:\/\/hairtamin.ma\/wp-content\/uploads\/2021\/12\/IMG_20211227_125129.png\",\"width\":286,\"height\":286,\"caption\":\"HAIRtamin Maroc\"},\"image\":{\"@id\":\"https:\/\/hairtamin.ma\/#logo\"}},{\"@type\":\"WebSite\",\"@id\":\"https:\/\/hairtamin.ma\/#website\",\"url\":\"https:\/\/hairtamin.ma\/\",\"name\":\"HAIRtamin Maroc\",\"description\":\"Vitamines Essentielles Pour Les Cheveux\",\"publisher\":{\"@id\":\"https:\/\/hairtamin.ma\/#organization\"},\"potentialAction\":[{\"@type\":\"SearchAction\",\"target\":{\"@type\":\"EntryPoint\",\"urlTemplate\":\"https:\/\/hairtamin.ma\/?s={search_term_string}\"},\"query-input\":\"required name=search_term_string\"}],\"inLanguage\":\"fr-FR\"},{\"@type\":\"ImageObject\",\"@id\":\"https:\/\/hairtamin.ma\/?produit=hairtamin-advanced-formula#primaryimage\",\"inLanguage\":\"fr-FR\",\"url\":\"https:\/\/hairtamin.ma\/wp-content\/uploads\/2020\/06\/advanced-formula-01.jpg\",\"contentUrl\":\"https:\/\/hairtamin.ma\/wp-content\/uploads\/2020\/06\/advanced-formula-01.jpg\",\"width\":1024,\"height\":1024},{\"@type\":\"WebPage\",\"@id\":\"https:\/\/hairtamin.ma\/?produit=hairtamin-advanced-formula#webpage\",\"url\":\"https:\/\/hairtamin.ma\/?produit=hairtamin-advanced-formula\",\"name\":\"HAIRtamin Advanced Formula - HAIRtamin Maroc\",\"isPartOf\":{\"@id\":\"https:\/\/hairtamin.ma\/#website\"},\"primaryImageOfPage\":{\"@id\":\"https:\/\/hairtamin.ma\/?produit=hairtamin-advanced-formula#primaryimage\"},\"datePublished\":\"2020-06-15T19:53:24+00:00\",\"dateModified\":\"2026-04-29T14:57:07+00:00\",\"description\":\"HAIRtamin Advanced Formula distibuted by HAIRtamin Maroc, puissant suppl\\u00e9ment nourrissant pour les cheveux, avec des ingr\\u00e9dients cliniquement prouv\\u00e9s con\\u00e7us pour soutenir des cheveux plus forts, plus longs et plus \\u00e9pais.\",\"breadcrumb\":{\"@id\":\"https:\/\/hairtamin.ma\/?produit=hairtamin-advanced-formula#breadcrumb\"},\"inLanguage\":\"fr-FR\",\"potentialAction\":[{\"@type\":\"ReadAction\",\"target\":[\"https:\/\/hairtamin.ma\/?produit=hairtamin-advanced-formula\"]}]},{\"@type\":\"BreadcrumbList\",\"@id\":\"https:\/\/hairtamin.ma\/?produit=hairtamin-advanced-formula#breadcrumb\",\"itemListElement\":[{\"@type\":\"ListItem\",\"position\":1,\"name\":\"Home\",\"item\":\"https:\/\/hairtamin.ma\/\"},{\"@type\":\"ListItem\",\"position\":2,\"name\":\"Boutique\",\"item\":\"https:\/\/hairtamin.ma\/?page_id=2956\"},{\"@type\":\"ListItem\",\"position\":3,\"name\":\"HAIRtamin Advanced Formula\"}]}]}<\/script>\n<!-- \/ Yoast SEO plugin. -->","yoast_head_json":{"title":"HAIRtamin Advanced Formula - HAIRtamin Maroc","description":"HAIRtamin Advanced Formula distibuted by HAIRtamin Maroc, puissant suppl\u00e9ment nourrissant pour les cheveux, avec des ingr\u00e9dients cliniquement prouv\u00e9s con\u00e7us pour soutenir des cheveux plus forts, plus longs et plus \u00e9pais.","robots":{"index":"index","follow":"follow","max-snippet":"max-snippet:-1","max-image-preview":"max-image-preview:large","max-video-preview":"max-video-preview:-1"},"canonical":"https:\/\/hairtamin.ma\/?produit=hairtamin-advanced-formula","og_locale":"fr_FR","og_type":"article","og_title":"HAIRtamin Advanced Formula","og_description":"HAIRtamin Advanced Formula distibuted by HAIRtamin Maroc, puissant suppl\u00e9ment nourrissant pour les cheveux, avec des ingr\u00e9dients cliniquement prouv\u00e9s con\u00e7us pour soutenir des cheveux plus forts, plus longs et plus \u00e9pais.","og_url":"https:\/\/hairtamin.ma\/?produit=hairtamin-advanced-formula","og_site_name":"HAIRtamin Maroc","article_modified_time":"2026-04-29T14:57:07+00:00","og_image":[{"width":1024,"height":1024,"url":"https:\/\/hairtamin.ma\/wp-content\/uploads\/2020\/06\/advanced-formula-01.jpg","type":"image\/jpeg"}],"twitter_card":"summary_large_image","schema":{"@context":"https:\/\/schema.org","@graph":[{"@type":"Organization","@id":"https:\/\/hairtamin.ma\/#organization","name":"HAIRtamin Maroc","url":"https:\/\/hairtamin.ma\/","sameAs":[],"logo":{"@type":"ImageObject","@id":"https:\/\/hairtamin.ma\/#logo","inLanguage":"fr-FR","url":"https:\/\/hairtamin.ma\/wp-content\/uploads\/2021\/12\/IMG_20211227_125129.png","contentUrl":"https:\/\/hairtamin.ma\/wp-content\/uploads\/2021\/12\/IMG_20211227_125129.png","width":286,"height":286,"caption":"HAIRtamin Maroc"},"image":{"@id":"https:\/\/hairtamin.ma\/#logo"}},{"@type":"WebSite","@id":"https:\/\/hairtamin.ma\/#website","url":"https:\/\/hairtamin.ma\/","name":"HAIRtamin Maroc","description":"Vitamines Essentielles Pour Les Cheveux","publisher":{"@id":"https:\/\/hairtamin.ma\/#organization"},"potentialAction":[{"@type":"SearchAction","target":{"@type":"EntryPoint","urlTemplate":"https:\/\/hairtamin.ma\/?s={search_term_string}"},"query-input":"required name=search_term_string"}],"inLanguage":"fr-FR"},{"@type":"ImageObject","@id":"https:\/\/hairtamin.ma\/?produit=hairtamin-advanced-formula#primaryimage","inLanguage":"fr-FR","url":"https:\/\/hairtamin.ma\/wp-content\/uploads\/2020\/06\/advanced-formula-01.jpg","contentUrl":"https:\/\/hairtamin.ma\/wp-content\/uploads\/2020\/06\/advanced-formula-01.jpg","width":1024,"height":1024},{"@type":"WebPage","@id":"https:\/\/hairtamin.ma\/?produit=hairtamin-advanced-formula#webpage","url":"https:\/\/hairtamin.ma\/?produit=hairtamin-advanced-formula","name":"HAIRtamin Advanced Formula - HAIRtamin Maroc","isPartOf":{"@id":"https:\/\/hairtamin.ma\/#website"},"primaryImageOfPage":{"@id":"https:\/\/hairtamin.ma\/?produit=hairtamin-advanced-formula#primaryimage"},"datePublished":"2020-06-15T19:53:24+00:00","dateModified":"2026-04-29T14:57:07+00:00","description":"HAIRtamin Advanced Formula distibuted by HAIRtamin Maroc, puissant suppl\u00e9ment nourrissant pour les cheveux, avec des ingr\u00e9dients cliniquement prouv\u00e9s con\u00e7us pour soutenir des cheveux plus forts, plus longs et plus \u00e9pais.","breadcrumb":{"@id":"https:\/\/hairtamin.ma\/?produit=hairtamin-advanced-formula#breadcrumb"},"inLanguage":"fr-FR","potentialAction":[{"@type":"ReadAction","target":["https:\/\/hairtamin.ma\/?produit=hairtamin-advanced-formula"]}]},{"@type":"BreadcrumbList","@id":"https:\/\/hairtamin.ma\/?produit=hairtamin-advanced-formula#breadcrumb","itemListElement":[{"@type":"ListItem","position":1,"name":"Home","item":"https:\/\/hairtamin.ma\/"},{"@type":"ListItem","position":2,"name":"Boutique","item":"https:\/\/hairtamin.ma\/?page_id=2956"},{"@type":"ListItem","position":3,"name":"HAIRtamin Advanced Formula"}]}]}},"_links":{"self":[{"href":"https:\/\/hairtamin.ma\/index.php?rest_route=\/wp\/v2\/product\/3187"}],"collection":[{"href":"https:\/\/hairtamin.ma\/index.php?rest_route=\/wp\/v2\/product"}],"about":[{"href":"https:\/\/hairtamin.ma\/index.php?rest_route=\/wp\/v2\/types\/product"}],"replies":[{"embeddable":true,"href":"https:\/\/hairtamin.ma\/index.php?rest_route=%2Fwp%2Fv2%2Fcomments&post=3187"}],"wp:featuredmedia":[{"embeddable":true,"href":"https:\/\/hairtamin.ma\/index.php?rest_route=\/wp\/v2\/media\/4003"}],"wp:attachment":[{"href":"https:\/\/hairtamin.ma\/index.php?rest_route=%2Fwp%2Fv2%2Fmedia&parent=3187"}],"wp:term":[{"taxonomy":"product_cat","embeddable":true,"href":"https:\/\/hairtamin.ma\/index.php?rest_route=%2Fwp%2Fv2%2Fproduct_cat&post=3187"},{"taxonomy":"product_tag","embeddable":true,"href":"https:\/\/hairtamin.ma\/index.php?rest_route=%2Fwp%2Fv2%2Fproduct_tag&post=3187"}],"curies":[{"name":"wp","href":"https:\/\/api.w.org\/{rel}","templated":true}]}}