{"id":3378,"date":"2021-12-22T00:31:37","date_gmt":"2021-12-22T18:31:08","guid":{"rendered":"https:\/\/hairtamin.ma\/?product=hairtamin-gummy-stars-1-boite"},"modified":"2026-04-09T08:34:02","modified_gmt":"2026-04-09T08:34:02","slug":"hairtamin-gummy-stars-1-boite","status":"publish","type":"product","link":"https:\/\/hairtamin.ma\/?produit=hairtamin-gummy-stars-1-boite","title":{"rendered":"HAIRtamin Gummy Stars"},"content":{"rendered":"\n<p class=\"has-black-color has-text-color has-normal-font-size\">HAIRtamin Gummy Stars est la d\u00e9licieuse fa\u00e7on de prendre vos vitamines pr\u00e9f\u00e9r\u00e9es pour la croissance des cheveux. Formul\u00e9 avec des ingr\u00e9dients essentiels pour les cheveux, dont une force maximale de 5 000 mcg de biotine, de vitamine C, de D3, de B12, d&#8217;acide folique, de zinc, de curcuma et de vrais superfruits, ces gummies irr\u00e9sistiblement savoureux agissent naturellement pour aider \u00e0 promouvoir des cheveux plus forts, plus longs et plus \u00e9pais. Vegan gummies, sans gluten et sans cruaut\u00e9, ces d\u00e9licieuses friandises super-stars laissent vos papilles gustatives et vos <em>cheveux<\/em> plus envieux !<\/p>\n","protected":false},"excerpt":{"rendered":"<h4>1 Boite = 1 Mois de traitement = 60 Gummies<\/h4>\n<h4>2 HAIRtamin Gummies par jour<\/h4>\n<p><strong>La d\u00e9licieuse fa\u00e7on de prendre vos vitamines pr\u00e9f\u00e9r\u00e9es pour la croissance des cheveux.<\/strong><\/p>\n<p><strong>Distribut\u00e9 par HAIRtamin Maroc<\/strong><\/p>\n<p>Expire vers la fin de OCTOBRE 2027<\/p>\n","protected":false},"featured_media":4012,"comment_status":"closed","ping_status":"closed","template":"","meta":{"_mi_skip_tracking":false},"product_cat":[69,69],"product_tag":[],"yoast_head":"<!-- This site is optimized with the Yoast SEO plugin v17.8 - https:\/\/yoast.com\/wordpress\/plugins\/seo\/ -->\n<title>HAIRtamin Gummy Stars - HAIRtamin Maroc<\/title>\n<meta name=\"robots\" content=\"index, follow, max-snippet:-1, max-image-preview:large, max-video-preview:-1\" \/>\n<link rel=\"canonical\" href=\"https:\/\/hairtamin.ma\/?produit=hairtamin-gummy-stars-1-boite\" \/>\n<meta property=\"og:locale\" content=\"fr_FR\" \/>\n<meta property=\"og:type\" content=\"article\" \/>\n<meta property=\"og:title\" content=\"HAIRtamin Gummy Stars - HAIRtamin Maroc\" \/>\n<meta property=\"og:description\" content=\"1 Boite = 1 Mois de traitement = 60 Gummies 2 HAIRtamin Gummies par jour La d\u00e9licieuse fa\u00e7on de prendre vos vitamines pr\u00e9f\u00e9r\u00e9es pour la croissance des cheveux. Distribut\u00e9 par HAIRtamin Maroc Expire vers la fin de OCTOBRE 2027\" \/>\n<meta property=\"og:url\" content=\"https:\/\/hairtamin.ma\/?produit=hairtamin-gummy-stars-1-boite\" \/>\n<meta property=\"og:site_name\" content=\"HAIRtamin Maroc\" \/>\n<meta property=\"article:modified_time\" content=\"2026-04-09T08:34:02+00:00\" \/>\n<meta property=\"og:image\" content=\"https:\/\/hairtamin.ma\/wp-content\/uploads\/2021\/12\/hairtamin-gummy-stars-hair-vitamins-front.png\" \/>\n\t<meta property=\"og:image:width\" content=\"1100\" \/>\n\t<meta property=\"og:image:height\" content=\"1100\" \/>\n<meta name=\"twitter:card\" content=\"summary_large_image\" \/>\n<script type=\"application\/ld+json\" class=\"yoast-schema-graph\">{\"@context\":\"https:\/\/schema.org\",\"@graph\":[{\"@type\":\"Organization\",\"@id\":\"https:\/\/hairtamin.ma\/#organization\",\"name\":\"HAIRtamin Maroc\",\"url\":\"https:\/\/hairtamin.ma\/\",\"sameAs\":[],\"logo\":{\"@type\":\"ImageObject\",\"@id\":\"https:\/\/hairtamin.ma\/#logo\",\"inLanguage\":\"fr-FR\",\"url\":\"https:\/\/hairtamin.ma\/wp-content\/uploads\/2021\/12\/IMG_20211227_125129.png\",\"contentUrl\":\"https:\/\/hairtamin.ma\/wp-content\/uploads\/2021\/12\/IMG_20211227_125129.png\",\"width\":286,\"height\":286,\"caption\":\"HAIRtamin Maroc\"},\"image\":{\"@id\":\"https:\/\/hairtamin.ma\/#logo\"}},{\"@type\":\"WebSite\",\"@id\":\"https:\/\/hairtamin.ma\/#website\",\"url\":\"https:\/\/hairtamin.ma\/\",\"name\":\"HAIRtamin Maroc\",\"description\":\"Vitamines Essentielles Pour Les Cheveux\",\"publisher\":{\"@id\":\"https:\/\/hairtamin.ma\/#organization\"},\"potentialAction\":[{\"@type\":\"SearchAction\",\"target\":{\"@type\":\"EntryPoint\",\"urlTemplate\":\"https:\/\/hairtamin.ma\/?s={search_term_string}\"},\"query-input\":\"required name=search_term_string\"}],\"inLanguage\":\"fr-FR\"},{\"@type\":\"ImageObject\",\"@id\":\"https:\/\/hairtamin.ma\/?produit=hairtamin-gummy-stars-1-boite#primaryimage\",\"inLanguage\":\"fr-FR\",\"url\":\"https:\/\/hairtamin.ma\/wp-content\/uploads\/2021\/12\/new_gummy.png\",\"contentUrl\":\"https:\/\/hairtamin.ma\/wp-content\/uploads\/2021\/12\/new_gummy.png\",\"width\":1100,\"height\":1100},{\"@type\":\"WebPage\",\"@id\":\"https:\/\/hairtamin.ma\/?produit=hairtamin-gummy-stars-1-boite#webpage\",\"url\":\"https:\/\/hairtamin.ma\/?produit=hairtamin-gummy-stars-1-boite\",\"name\":\"HAIRtamin Gummy Stars - HAIRtamin Maroc\",\"isPartOf\":{\"@id\":\"https:\/\/hairtamin.ma\/#website\"},\"primaryImageOfPage\":{\"@id\":\"https:\/\/hairtamin.ma\/?produit=hairtamin-gummy-stars-1-boite#primaryimage\"},\"datePublished\":\"2021-12-22T18:31:08+00:00\",\"dateModified\":\"2026-04-09T08:34:02+00:00\",\"breadcrumb\":{\"@id\":\"https:\/\/hairtamin.ma\/?produit=hairtamin-gummy-stars-1-boite#breadcrumb\"},\"inLanguage\":\"fr-FR\",\"potentialAction\":[{\"@type\":\"ReadAction\",\"target\":[\"https:\/\/hairtamin.ma\/?produit=hairtamin-gummy-stars-1-boite\"]}]},{\"@type\":\"BreadcrumbList\",\"@id\":\"https:\/\/hairtamin.ma\/?produit=hairtamin-gummy-stars-1-boite#breadcrumb\",\"itemListElement\":[{\"@type\":\"ListItem\",\"position\":1,\"name\":\"Home\",\"item\":\"https:\/\/hairtamin.ma\/\"},{\"@type\":\"ListItem\",\"position\":2,\"name\":\"Boutique\",\"item\":\"https:\/\/hairtamin.ma\/?page_id=2956\"},{\"@type\":\"ListItem\",\"position\":3,\"name\":\"HAIRtamin Gummy Stars\"}]}]}<\/script>\n<!-- \/ Yoast SEO plugin. -->","yoast_head_json":{"title":"HAIRtamin Gummy Stars - HAIRtamin Maroc","robots":{"index":"index","follow":"follow","max-snippet":"max-snippet:-1","max-image-preview":"max-image-preview:large","max-video-preview":"max-video-preview:-1"},"canonical":"https:\/\/hairtamin.ma\/?produit=hairtamin-gummy-stars-1-boite","og_locale":"fr_FR","og_type":"article","og_title":"HAIRtamin Gummy Stars - HAIRtamin Maroc","og_description":"1 Boite = 1 Mois de traitement = 60 Gummies 2 HAIRtamin Gummies par jour La d\u00e9licieuse fa\u00e7on de prendre vos vitamines pr\u00e9f\u00e9r\u00e9es pour la croissance des cheveux. Distribut\u00e9 par HAIRtamin Maroc Expire vers la fin de OCTOBRE 2027","og_url":"https:\/\/hairtamin.ma\/?produit=hairtamin-gummy-stars-1-boite","og_site_name":"HAIRtamin Maroc","article_modified_time":"2026-04-09T08:34:02+00:00","og_image":[{"width":1100,"height":1100,"url":"https:\/\/hairtamin.ma\/wp-content\/uploads\/2021\/12\/hairtamin-gummy-stars-hair-vitamins-front.png","type":"image\/png"}],"twitter_card":"summary_large_image","schema":{"@context":"https:\/\/schema.org","@graph":[{"@type":"Organization","@id":"https:\/\/hairtamin.ma\/#organization","name":"HAIRtamin Maroc","url":"https:\/\/hairtamin.ma\/","sameAs":[],"logo":{"@type":"ImageObject","@id":"https:\/\/hairtamin.ma\/#logo","inLanguage":"fr-FR","url":"https:\/\/hairtamin.ma\/wp-content\/uploads\/2021\/12\/IMG_20211227_125129.png","contentUrl":"https:\/\/hairtamin.ma\/wp-content\/uploads\/2021\/12\/IMG_20211227_125129.png","width":286,"height":286,"caption":"HAIRtamin Maroc"},"image":{"@id":"https:\/\/hairtamin.ma\/#logo"}},{"@type":"WebSite","@id":"https:\/\/hairtamin.ma\/#website","url":"https:\/\/hairtamin.ma\/","name":"HAIRtamin Maroc","description":"Vitamines Essentielles Pour Les Cheveux","publisher":{"@id":"https:\/\/hairtamin.ma\/#organization"},"potentialAction":[{"@type":"SearchAction","target":{"@type":"EntryPoint","urlTemplate":"https:\/\/hairtamin.ma\/?s={search_term_string}"},"query-input":"required name=search_term_string"}],"inLanguage":"fr-FR"},{"@type":"ImageObject","@id":"https:\/\/hairtamin.ma\/?produit=hairtamin-gummy-stars-1-boite#primaryimage","inLanguage":"fr-FR","url":"https:\/\/hairtamin.ma\/wp-content\/uploads\/2021\/12\/new_gummy.png","contentUrl":"https:\/\/hairtamin.ma\/wp-content\/uploads\/2021\/12\/new_gummy.png","width":1100,"height":1100},{"@type":"WebPage","@id":"https:\/\/hairtamin.ma\/?produit=hairtamin-gummy-stars-1-boite#webpage","url":"https:\/\/hairtamin.ma\/?produit=hairtamin-gummy-stars-1-boite","name":"HAIRtamin Gummy Stars - HAIRtamin Maroc","isPartOf":{"@id":"https:\/\/hairtamin.ma\/#website"},"primaryImageOfPage":{"@id":"https:\/\/hairtamin.ma\/?produit=hairtamin-gummy-stars-1-boite#primaryimage"},"datePublished":"2021-12-22T18:31:08+00:00","dateModified":"2026-04-09T08:34:02+00:00","breadcrumb":{"@id":"https:\/\/hairtamin.ma\/?produit=hairtamin-gummy-stars-1-boite#breadcrumb"},"inLanguage":"fr-FR","potentialAction":[{"@type":"ReadAction","target":["https:\/\/hairtamin.ma\/?produit=hairtamin-gummy-stars-1-boite"]}]},{"@type":"BreadcrumbList","@id":"https:\/\/hairtamin.ma\/?produit=hairtamin-gummy-stars-1-boite#breadcrumb","itemListElement":[{"@type":"ListItem","position":1,"name":"Home","item":"https:\/\/hairtamin.ma\/"},{"@type":"ListItem","position":2,"name":"Boutique","item":"https:\/\/hairtamin.ma\/?page_id=2956"},{"@type":"ListItem","position":3,"name":"HAIRtamin Gummy Stars"}]}]}},"_links":{"self":[{"href":"https:\/\/hairtamin.ma\/index.php?rest_route=\/wp\/v2\/product\/3378"}],"collection":[{"href":"https:\/\/hairtamin.ma\/index.php?rest_route=\/wp\/v2\/product"}],"about":[{"href":"https:\/\/hairtamin.ma\/index.php?rest_route=\/wp\/v2\/types\/product"}],"replies":[{"embeddable":true,"href":"https:\/\/hairtamin.ma\/index.php?rest_route=%2Fwp%2Fv2%2Fcomments&post=3378"}],"wp:featuredmedia":[{"embeddable":true,"href":"https:\/\/hairtamin.ma\/index.php?rest_route=\/wp\/v2\/media\/4012"}],"wp:attachment":[{"href":"https:\/\/hairtamin.ma\/index.php?rest_route=%2Fwp%2Fv2%2Fmedia&parent=3378"}],"wp:term":[{"taxonomy":"product_cat","embeddable":true,"href":"https:\/\/hairtamin.ma\/index.php?rest_route=%2Fwp%2Fv2%2Fproduct_cat&post=3378"},{"taxonomy":"product_tag","embeddable":true,"href":"https:\/\/hairtamin.ma\/index.php?rest_route=%2Fwp%2Fv2%2Fproduct_tag&post=3378"}],"curies":[{"name":"wp","href":"https:\/\/api.w.org\/{rel}","templated":true}]}}