{"id":3398,"date":"2021-12-24T19:49:33","date_gmt":"2021-12-24T19:52:45","guid":{"rendered":"https:\/\/hairtamin.ma\/?product=hairtamin-mom-1-boite"},"modified":"2026-05-07T22:25:31","modified_gmt":"2026-05-07T22:25:31","slug":"hairtamin-mom-1-boite","status":"publish","type":"product","link":"https:\/\/hairtamin.ma\/?produit=hairtamin-mom-1-boite","title":{"rendered":"HAIRtamin MOM Formula"},"content":{"rendered":"\n<p class=\"has-black-color has-text-color\">Notre corps subit des changements \u00e9tonnants tout au long de la grossesse. Souvent, nos cheveux changent aussi, la chute ou l&#8217;amincissement des cheveux \u00e9tant un effet secondaire courant &#8211; c&#8217;est pourquoi HAIRtamin MOM est n\u00e9. Votre vitamine capillaire pr\u00e9f\u00e9r\u00e9e est devenue v\u00e9g\u00e9talienne et a \u00e9t\u00e9 formul\u00e9e en une pr\u00e9paration pr\u00e9natale et postnatale compl\u00e8te pour vous aider \u00e0 nourrir \u00e0 la fois vous, votre b\u00e9b\u00e9 et, oui, vos cheveux !<\/p>\n","protected":false},"excerpt":{"rendered":"<h4>1 Boite = 1 Mois de traitement = 30 Capsules<\/h4>\n<h4>1 Capsule par jour<\/h4>\n<p><strong>Votre vitamine capillaire pr\u00e9f\u00e9r\u00e9e est devenue v\u00e9g\u00e9talienne et a \u00e9t\u00e9 formul\u00e9e en une pr\u00e9paration pr\u00e9natale et postnatale compl\u00e8te pour vous aider \u00e0 nourrir \u00e0 la fois vous, votre b\u00e9b\u00e9 et, oui, vos cheveux !<\/strong><\/p>\n","protected":false},"featured_media":3870,"comment_status":"closed","ping_status":"closed","template":"","meta":{"_mi_skip_tracking":false},"product_cat":[71,71],"product_tag":[],"yoast_head":"<!-- This site is optimized with the Yoast SEO plugin v17.8 - https:\/\/yoast.com\/wordpress\/plugins\/seo\/ -->\n<title>HAIRtamin MOM Formula - HAIRtamin Maroc<\/title>\n<meta name=\"robots\" content=\"index, follow, max-snippet:-1, max-image-preview:large, max-video-preview:-1\" \/>\n<link rel=\"canonical\" href=\"https:\/\/hairtamin.ma\/?produit=hairtamin-mom-1-boite\" \/>\n<meta property=\"og:locale\" content=\"fr_FR\" \/>\n<meta property=\"og:type\" content=\"article\" \/>\n<meta property=\"og:title\" content=\"HAIRtamin MOM Formula - HAIRtamin Maroc\" \/>\n<meta property=\"og:description\" content=\"1 Boite = 1 Mois de traitement = 30 Capsules 1 Capsule par jour Votre vitamine capillaire pr\u00e9f\u00e9r\u00e9e est devenue v\u00e9g\u00e9talienne et a \u00e9t\u00e9 formul\u00e9e en une pr\u00e9paration pr\u00e9natale et postnatale compl\u00e8te pour vous aider \u00e0 nourrir \u00e0 la fois vous, votre b\u00e9b\u00e9 et, oui, vos cheveux !\" \/>\n<meta property=\"og:url\" content=\"https:\/\/hairtamin.ma\/?produit=hairtamin-mom-1-boite\" \/>\n<meta property=\"og:site_name\" content=\"HAIRtamin Maroc\" \/>\n<meta property=\"article:modified_time\" content=\"2026-05-07T22:25:31+00:00\" \/>\n<meta property=\"og:image\" content=\"https:\/\/hairtamin.ma\/wp-content\/uploads\/2021\/12\/momproductimage.png\" \/>\n\t<meta property=\"og:image:width\" content=\"1100\" \/>\n\t<meta property=\"og:image:height\" content=\"1100\" \/>\n<meta name=\"twitter:card\" content=\"summary_large_image\" \/>\n<script type=\"application\/ld+json\" class=\"yoast-schema-graph\">{\"@context\":\"https:\/\/schema.org\",\"@graph\":[{\"@type\":\"Organization\",\"@id\":\"https:\/\/hairtamin.ma\/#organization\",\"name\":\"HAIRtamin Maroc\",\"url\":\"https:\/\/hairtamin.ma\/\",\"sameAs\":[],\"logo\":{\"@type\":\"ImageObject\",\"@id\":\"https:\/\/hairtamin.ma\/#logo\",\"inLanguage\":\"fr-FR\",\"url\":\"https:\/\/hairtamin.ma\/wp-content\/uploads\/2021\/12\/IMG_20211227_125129.png\",\"contentUrl\":\"https:\/\/hairtamin.ma\/wp-content\/uploads\/2021\/12\/IMG_20211227_125129.png\",\"width\":286,\"height\":286,\"caption\":\"HAIRtamin Maroc\"},\"image\":{\"@id\":\"https:\/\/hairtamin.ma\/#logo\"}},{\"@type\":\"WebSite\",\"@id\":\"https:\/\/hairtamin.ma\/#website\",\"url\":\"https:\/\/hairtamin.ma\/\",\"name\":\"HAIRtamin Maroc\",\"description\":\"Vitamines Essentielles Pour Les Cheveux\",\"publisher\":{\"@id\":\"https:\/\/hairtamin.ma\/#organization\"},\"potentialAction\":[{\"@type\":\"SearchAction\",\"target\":{\"@type\":\"EntryPoint\",\"urlTemplate\":\"https:\/\/hairtamin.ma\/?s={search_term_string}\"},\"query-input\":\"required name=search_term_string\"}],\"inLanguage\":\"fr-FR\"},{\"@type\":\"ImageObject\",\"@id\":\"https:\/\/hairtamin.ma\/?produit=hairtamin-mom-1-boite#primaryimage\",\"inLanguage\":\"fr-FR\",\"url\":\"https:\/\/hairtamin.ma\/wp-content\/uploads\/2021\/12\/momproductimage.png\",\"contentUrl\":\"https:\/\/hairtamin.ma\/wp-content\/uploads\/2021\/12\/momproductimage.png\",\"width\":1100,\"height\":1100},{\"@type\":\"WebPage\",\"@id\":\"https:\/\/hairtamin.ma\/?produit=hairtamin-mom-1-boite#webpage\",\"url\":\"https:\/\/hairtamin.ma\/?produit=hairtamin-mom-1-boite\",\"name\":\"HAIRtamin MOM Formula - HAIRtamin Maroc\",\"isPartOf\":{\"@id\":\"https:\/\/hairtamin.ma\/#website\"},\"primaryImageOfPage\":{\"@id\":\"https:\/\/hairtamin.ma\/?produit=hairtamin-mom-1-boite#primaryimage\"},\"datePublished\":\"2021-12-24T19:52:45+00:00\",\"dateModified\":\"2026-05-07T22:25:31+00:00\",\"breadcrumb\":{\"@id\":\"https:\/\/hairtamin.ma\/?produit=hairtamin-mom-1-boite#breadcrumb\"},\"inLanguage\":\"fr-FR\",\"potentialAction\":[{\"@type\":\"ReadAction\",\"target\":[\"https:\/\/hairtamin.ma\/?produit=hairtamin-mom-1-boite\"]}]},{\"@type\":\"BreadcrumbList\",\"@id\":\"https:\/\/hairtamin.ma\/?produit=hairtamin-mom-1-boite#breadcrumb\",\"itemListElement\":[{\"@type\":\"ListItem\",\"position\":1,\"name\":\"Home\",\"item\":\"https:\/\/hairtamin.ma\/\"},{\"@type\":\"ListItem\",\"position\":2,\"name\":\"Boutique\",\"item\":\"https:\/\/hairtamin.ma\/?page_id=2956\"},{\"@type\":\"ListItem\",\"position\":3,\"name\":\"HAIRtamin MOM Formula\"}]}]}<\/script>\n<!-- \/ Yoast SEO plugin. -->","yoast_head_json":{"title":"HAIRtamin MOM Formula - HAIRtamin Maroc","robots":{"index":"index","follow":"follow","max-snippet":"max-snippet:-1","max-image-preview":"max-image-preview:large","max-video-preview":"max-video-preview:-1"},"canonical":"https:\/\/hairtamin.ma\/?produit=hairtamin-mom-1-boite","og_locale":"fr_FR","og_type":"article","og_title":"HAIRtamin MOM Formula - HAIRtamin Maroc","og_description":"1 Boite = 1 Mois de traitement = 30 Capsules 1 Capsule par jour Votre vitamine capillaire pr\u00e9f\u00e9r\u00e9e est devenue v\u00e9g\u00e9talienne et a \u00e9t\u00e9 formul\u00e9e en une pr\u00e9paration pr\u00e9natale et postnatale compl\u00e8te pour vous aider \u00e0 nourrir \u00e0 la fois vous, votre b\u00e9b\u00e9 et, oui, vos cheveux !","og_url":"https:\/\/hairtamin.ma\/?produit=hairtamin-mom-1-boite","og_site_name":"HAIRtamin Maroc","article_modified_time":"2026-05-07T22:25:31+00:00","og_image":[{"width":1100,"height":1100,"url":"https:\/\/hairtamin.ma\/wp-content\/uploads\/2021\/12\/momproductimage.png","type":"image\/png"}],"twitter_card":"summary_large_image","schema":{"@context":"https:\/\/schema.org","@graph":[{"@type":"Organization","@id":"https:\/\/hairtamin.ma\/#organization","name":"HAIRtamin Maroc","url":"https:\/\/hairtamin.ma\/","sameAs":[],"logo":{"@type":"ImageObject","@id":"https:\/\/hairtamin.ma\/#logo","inLanguage":"fr-FR","url":"https:\/\/hairtamin.ma\/wp-content\/uploads\/2021\/12\/IMG_20211227_125129.png","contentUrl":"https:\/\/hairtamin.ma\/wp-content\/uploads\/2021\/12\/IMG_20211227_125129.png","width":286,"height":286,"caption":"HAIRtamin Maroc"},"image":{"@id":"https:\/\/hairtamin.ma\/#logo"}},{"@type":"WebSite","@id":"https:\/\/hairtamin.ma\/#website","url":"https:\/\/hairtamin.ma\/","name":"HAIRtamin Maroc","description":"Vitamines Essentielles Pour Les Cheveux","publisher":{"@id":"https:\/\/hairtamin.ma\/#organization"},"potentialAction":[{"@type":"SearchAction","target":{"@type":"EntryPoint","urlTemplate":"https:\/\/hairtamin.ma\/?s={search_term_string}"},"query-input":"required name=search_term_string"}],"inLanguage":"fr-FR"},{"@type":"ImageObject","@id":"https:\/\/hairtamin.ma\/?produit=hairtamin-mom-1-boite#primaryimage","inLanguage":"fr-FR","url":"https:\/\/hairtamin.ma\/wp-content\/uploads\/2021\/12\/momproductimage.png","contentUrl":"https:\/\/hairtamin.ma\/wp-content\/uploads\/2021\/12\/momproductimage.png","width":1100,"height":1100},{"@type":"WebPage","@id":"https:\/\/hairtamin.ma\/?produit=hairtamin-mom-1-boite#webpage","url":"https:\/\/hairtamin.ma\/?produit=hairtamin-mom-1-boite","name":"HAIRtamin MOM Formula - HAIRtamin Maroc","isPartOf":{"@id":"https:\/\/hairtamin.ma\/#website"},"primaryImageOfPage":{"@id":"https:\/\/hairtamin.ma\/?produit=hairtamin-mom-1-boite#primaryimage"},"datePublished":"2021-12-24T19:52:45+00:00","dateModified":"2026-05-07T22:25:31+00:00","breadcrumb":{"@id":"https:\/\/hairtamin.ma\/?produit=hairtamin-mom-1-boite#breadcrumb"},"inLanguage":"fr-FR","potentialAction":[{"@type":"ReadAction","target":["https:\/\/hairtamin.ma\/?produit=hairtamin-mom-1-boite"]}]},{"@type":"BreadcrumbList","@id":"https:\/\/hairtamin.ma\/?produit=hairtamin-mom-1-boite#breadcrumb","itemListElement":[{"@type":"ListItem","position":1,"name":"Home","item":"https:\/\/hairtamin.ma\/"},{"@type":"ListItem","position":2,"name":"Boutique","item":"https:\/\/hairtamin.ma\/?page_id=2956"},{"@type":"ListItem","position":3,"name":"HAIRtamin MOM Formula"}]}]}},"_links":{"self":[{"href":"https:\/\/hairtamin.ma\/index.php?rest_route=\/wp\/v2\/product\/3398"}],"collection":[{"href":"https:\/\/hairtamin.ma\/index.php?rest_route=\/wp\/v2\/product"}],"about":[{"href":"https:\/\/hairtamin.ma\/index.php?rest_route=\/wp\/v2\/types\/product"}],"replies":[{"embeddable":true,"href":"https:\/\/hairtamin.ma\/index.php?rest_route=%2Fwp%2Fv2%2Fcomments&post=3398"}],"wp:featuredmedia":[{"embeddable":true,"href":"https:\/\/hairtamin.ma\/index.php?rest_route=\/wp\/v2\/media\/3870"}],"wp:attachment":[{"href":"https:\/\/hairtamin.ma\/index.php?rest_route=%2Fwp%2Fv2%2Fmedia&parent=3398"}],"wp:term":[{"taxonomy":"product_cat","embeddable":true,"href":"https:\/\/hairtamin.ma\/index.php?rest_route=%2Fwp%2Fv2%2Fproduct_cat&post=3398"},{"taxonomy":"product_tag","embeddable":true,"href":"https:\/\/hairtamin.ma\/index.php?rest_route=%2Fwp%2Fv2%2Fproduct_tag&post=3398"}],"curies":[{"name":"wp","href":"https:\/\/api.w.org\/{rel}","templated":true}]}}