{"id":3416,"date":"2021-12-26T16:07:04","date_gmt":"2021-12-26T16:22:14","guid":{"rendered":"https:\/\/hairtamin.ma\/?product=hairtamin-scalp-serum"},"modified":"2026-03-26T21:45:56","modified_gmt":"2026-03-26T21:45:56","slug":"hairtamin-scalp-serum-gorgeous-growth","status":"publish","type":"product","link":"https:\/\/hairtamin.ma\/?produit=hairtamin-scalp-serum-gorgeous-growth","title":{"rendered":"HAIRtamin S\u00e9rum Gorgeous Growth 15ml"},"content":{"rendered":"<p>Dites BONJOUR \u00e0 la prochaine g\u00e9n\u00e9ration de sant\u00e9 des cheveux et du cuir chevelu avec HAIRtamin SCALP SERUM. Formul\u00e9 avec un complexe de croissance brevet\u00e9 cliniquement prouv\u00e9 pour aider \u00e0 augmenter l\u2019\u00e9paisseur des cheveux de 121% et r\u00e9duire la chute des cheveux jusqu\u2019\u00e0 58% ainsi que de puissantes vitamines et plantes, notamment Aloe Vera, Curcuma, Niacinamide, Saw Palmetto, Vitamine E, Romarin, Menthe poivr\u00e9e , de la caf\u00e9ine et plus pour favoriser des cheveux d\u2019apparence plus forte et plus \u00e9paisse! Pour de meilleurs r\u00e9sultats, utilisez-les en conjonction avec nos suppl\u00e9ments pour la croissance des cheveux pour une approche compl\u00e8te, int\u00e9rieure et ext\u00e9rieure du bien-\u00eatre des cheveux !<\/p>\n","protected":false},"excerpt":{"rendered":"<p>La prochaine g\u00e9n\u00e9ration de sant\u00e9 des cheveux et du cuir chevelu avec HAIRtamin SCALP SERUM<\/p>\n<ol>\n<li>Appliquer 2-3 gouttes sur la zone affect\u00e9e<\/li>\n<li>A utiliser de pr\u00e9f\u00e9rence sur cheveux secs ou l\u00e9g\u00e8rement humides<\/li>\n<li>Masser la zone affect\u00e9e et coiffer comme d&#8217;habitude<\/li>\n<li>Appliquer deux fois par jour pour de meilleurs r\u00e9sultats<\/li>\n<\/ol>\n<p>Pour de meilleurs r\u00e9sultats, utilisez-les en conjonction avec nos suppl\u00e9ments pour la croissance des cheveux pour une approche compl\u00e8te, int\u00e9rieure et ext\u00e9rieure du bien-\u00eatre des cheveux !<\/p>\n","protected":false},"featured_media":3409,"comment_status":"closed","ping_status":"closed","template":"","meta":{"_mi_skip_tracking":false},"product_cat":[81,81],"product_tag":[],"yoast_head":"<!-- This site is optimized with the Yoast SEO plugin v17.8 - https:\/\/yoast.com\/wordpress\/plugins\/seo\/ -->\n<title>HAIRtamin S\u00e9rum Gorgeous Growth 15ml - HAIRtamin Maroc<\/title>\n<meta name=\"robots\" content=\"index, follow, max-snippet:-1, max-image-preview:large, max-video-preview:-1\" \/>\n<link rel=\"canonical\" href=\"https:\/\/hairtamin.ma\/?product=hairtamin-scalp-serum-gorgeous-growth\" \/>\n<meta property=\"og:locale\" content=\"fr_FR\" \/>\n<meta property=\"og:type\" content=\"article\" \/>\n<meta property=\"og:title\" content=\"HAIRtamin S\u00e9rum Gorgeous Growth 15ml - HAIRtamin Maroc\" \/>\n<meta property=\"og:description\" content=\"La prochaine g\u00e9n\u00e9ration de sant\u00e9 des cheveux et du cuir chevelu avec HAIRtamin SCALP SERUM  Appliquer 2-3 gouttes sur la zone affect\u00e9e  A utiliser de pr\u00e9f\u00e9rence sur cheveux secs ou l\u00e9g\u00e8rement humides  Masser la zone affect\u00e9e et coiffer comme d&#039;habitude  Appliquer deux fois par jour pour de meilleurs r\u00e9sultats Pour de meilleurs r\u00e9sultats, utilisez-les en conjonction avec nos suppl\u00e9ments pour la croissance des cheveux pour une approche compl\u00e8te, int\u00e9rieure et ext\u00e9rieure du bien-\u00eatre des cheveux !\" \/>\n<meta property=\"og:url\" content=\"https:\/\/hairtamin.ma\/?product=hairtamin-scalp-serum-gorgeous-growth\" \/>\n<meta property=\"og:site_name\" content=\"HAIRtamin Maroc\" \/>\n<meta property=\"article:modified_time\" content=\"2026-03-26T21:45:56+00:00\" \/>\n<meta property=\"og:image\" content=\"https:\/\/hairtamin.ma\/wp-content\/uploads\/2021\/12\/scalp-serum-02.jpg\" \/>\n\t<meta property=\"og:image:width\" content=\"1000\" \/>\n\t<meta property=\"og:image:height\" content=\"1000\" \/>\n<meta name=\"twitter:card\" content=\"summary_large_image\" \/>\n<meta name=\"twitter:label1\" content=\"Dur\u00e9e de lecture estim\u00e9e\" \/>\n\t<meta name=\"twitter:data1\" content=\"1 minute\" \/>\n<script type=\"application\/ld+json\" class=\"yoast-schema-graph\">{\"@context\":\"https:\/\/schema.org\",\"@graph\":[{\"@type\":\"Organization\",\"@id\":\"https:\/\/hairtamin.ma\/#organization\",\"name\":\"HAIRtamin Maroc\",\"url\":\"https:\/\/hairtamin.ma\/\",\"sameAs\":[],\"logo\":{\"@type\":\"ImageObject\",\"@id\":\"https:\/\/hairtamin.ma\/#logo\",\"inLanguage\":\"fr-FR\",\"url\":\"https:\/\/hairtamin.ma\/wp-content\/uploads\/2021\/12\/IMG_20211227_125129.png\",\"contentUrl\":\"https:\/\/hairtamin.ma\/wp-content\/uploads\/2021\/12\/IMG_20211227_125129.png\",\"width\":286,\"height\":286,\"caption\":\"HAIRtamin Maroc\"},\"image\":{\"@id\":\"https:\/\/hairtamin.ma\/#logo\"}},{\"@type\":\"WebSite\",\"@id\":\"https:\/\/hairtamin.ma\/#website\",\"url\":\"https:\/\/hairtamin.ma\/\",\"name\":\"HAIRtamin Maroc\",\"description\":\"Vitamines Essentielles Pour Les Cheveux\",\"publisher\":{\"@id\":\"https:\/\/hairtamin.ma\/#organization\"},\"potentialAction\":[{\"@type\":\"SearchAction\",\"target\":{\"@type\":\"EntryPoint\",\"urlTemplate\":\"https:\/\/hairtamin.ma\/?s={search_term_string}\"},\"query-input\":\"required name=search_term_string\"}],\"inLanguage\":\"fr-FR\"},{\"@type\":\"ImageObject\",\"@id\":\"https:\/\/hairtamin.ma\/?product=hairtamin-scalp-serum-gorgeous-growth#primaryimage\",\"inLanguage\":\"fr-FR\",\"url\":\"https:\/\/hairtamin.ma\/wp-content\/uploads\/2021\/12\/scalp-serum-02.jpg\",\"contentUrl\":\"https:\/\/hairtamin.ma\/wp-content\/uploads\/2021\/12\/scalp-serum-02.jpg\",\"width\":1000,\"height\":1000},{\"@type\":\"WebPage\",\"@id\":\"https:\/\/hairtamin.ma\/?product=hairtamin-scalp-serum-gorgeous-growth#webpage\",\"url\":\"https:\/\/hairtamin.ma\/?product=hairtamin-scalp-serum-gorgeous-growth\",\"name\":\"HAIRtamin S\\u00e9rum Gorgeous Growth 15ml - HAIRtamin Maroc\",\"isPartOf\":{\"@id\":\"https:\/\/hairtamin.ma\/#website\"},\"primaryImageOfPage\":{\"@id\":\"https:\/\/hairtamin.ma\/?product=hairtamin-scalp-serum-gorgeous-growth#primaryimage\"},\"datePublished\":\"2021-12-26T16:22:14+00:00\",\"dateModified\":\"2026-03-26T21:45:56+00:00\",\"breadcrumb\":{\"@id\":\"https:\/\/hairtamin.ma\/?product=hairtamin-scalp-serum-gorgeous-growth#breadcrumb\"},\"inLanguage\":\"fr-FR\",\"potentialAction\":[{\"@type\":\"ReadAction\",\"target\":[\"https:\/\/hairtamin.ma\/?product=hairtamin-scalp-serum-gorgeous-growth\"]}]},{\"@type\":\"BreadcrumbList\",\"@id\":\"https:\/\/hairtamin.ma\/?product=hairtamin-scalp-serum-gorgeous-growth#breadcrumb\",\"itemListElement\":[{\"@type\":\"ListItem\",\"position\":1,\"name\":\"Home\",\"item\":\"https:\/\/hairtamin.ma\/\"},{\"@type\":\"ListItem\",\"position\":2,\"name\":\"Boutique\",\"item\":\"https:\/\/hairtamin.ma\/?page_id=2956\"},{\"@type\":\"ListItem\",\"position\":3,\"name\":\"HAIRtamin S\\u00e9rum Gorgeous Growth 15ml\"}]}]}<\/script>\n<!-- \/ Yoast SEO plugin. -->","yoast_head_json":{"title":"HAIRtamin S\u00e9rum Gorgeous Growth 15ml - HAIRtamin Maroc","robots":{"index":"index","follow":"follow","max-snippet":"max-snippet:-1","max-image-preview":"max-image-preview:large","max-video-preview":"max-video-preview:-1"},"canonical":"https:\/\/hairtamin.ma\/?product=hairtamin-scalp-serum-gorgeous-growth","og_locale":"fr_FR","og_type":"article","og_title":"HAIRtamin S\u00e9rum Gorgeous Growth 15ml - HAIRtamin Maroc","og_description":"La prochaine g\u00e9n\u00e9ration de sant\u00e9 des cheveux et du cuir chevelu avec HAIRtamin SCALP SERUM  Appliquer 2-3 gouttes sur la zone affect\u00e9e  A utiliser de pr\u00e9f\u00e9rence sur cheveux secs ou l\u00e9g\u00e8rement humides  Masser la zone affect\u00e9e et coiffer comme d'habitude  Appliquer deux fois par jour pour de meilleurs r\u00e9sultats Pour de meilleurs r\u00e9sultats, utilisez-les en conjonction avec nos suppl\u00e9ments pour la croissance des cheveux pour une approche compl\u00e8te, int\u00e9rieure et ext\u00e9rieure du bien-\u00eatre des cheveux !","og_url":"https:\/\/hairtamin.ma\/?product=hairtamin-scalp-serum-gorgeous-growth","og_site_name":"HAIRtamin Maroc","article_modified_time":"2026-03-26T21:45:56+00:00","og_image":[{"width":1000,"height":1000,"url":"https:\/\/hairtamin.ma\/wp-content\/uploads\/2021\/12\/scalp-serum-02.jpg","type":"image\/jpeg"}],"twitter_card":"summary_large_image","twitter_misc":{"Dur\u00e9e de lecture estim\u00e9e":"1 minute"},"schema":{"@context":"https:\/\/schema.org","@graph":[{"@type":"Organization","@id":"https:\/\/hairtamin.ma\/#organization","name":"HAIRtamin Maroc","url":"https:\/\/hairtamin.ma\/","sameAs":[],"logo":{"@type":"ImageObject","@id":"https:\/\/hairtamin.ma\/#logo","inLanguage":"fr-FR","url":"https:\/\/hairtamin.ma\/wp-content\/uploads\/2021\/12\/IMG_20211227_125129.png","contentUrl":"https:\/\/hairtamin.ma\/wp-content\/uploads\/2021\/12\/IMG_20211227_125129.png","width":286,"height":286,"caption":"HAIRtamin Maroc"},"image":{"@id":"https:\/\/hairtamin.ma\/#logo"}},{"@type":"WebSite","@id":"https:\/\/hairtamin.ma\/#website","url":"https:\/\/hairtamin.ma\/","name":"HAIRtamin Maroc","description":"Vitamines Essentielles Pour Les Cheveux","publisher":{"@id":"https:\/\/hairtamin.ma\/#organization"},"potentialAction":[{"@type":"SearchAction","target":{"@type":"EntryPoint","urlTemplate":"https:\/\/hairtamin.ma\/?s={search_term_string}"},"query-input":"required name=search_term_string"}],"inLanguage":"fr-FR"},{"@type":"ImageObject","@id":"https:\/\/hairtamin.ma\/?product=hairtamin-scalp-serum-gorgeous-growth#primaryimage","inLanguage":"fr-FR","url":"https:\/\/hairtamin.ma\/wp-content\/uploads\/2021\/12\/scalp-serum-02.jpg","contentUrl":"https:\/\/hairtamin.ma\/wp-content\/uploads\/2021\/12\/scalp-serum-02.jpg","width":1000,"height":1000},{"@type":"WebPage","@id":"https:\/\/hairtamin.ma\/?product=hairtamin-scalp-serum-gorgeous-growth#webpage","url":"https:\/\/hairtamin.ma\/?product=hairtamin-scalp-serum-gorgeous-growth","name":"HAIRtamin S\u00e9rum Gorgeous Growth 15ml - HAIRtamin Maroc","isPartOf":{"@id":"https:\/\/hairtamin.ma\/#website"},"primaryImageOfPage":{"@id":"https:\/\/hairtamin.ma\/?product=hairtamin-scalp-serum-gorgeous-growth#primaryimage"},"datePublished":"2021-12-26T16:22:14+00:00","dateModified":"2026-03-26T21:45:56+00:00","breadcrumb":{"@id":"https:\/\/hairtamin.ma\/?product=hairtamin-scalp-serum-gorgeous-growth#breadcrumb"},"inLanguage":"fr-FR","potentialAction":[{"@type":"ReadAction","target":["https:\/\/hairtamin.ma\/?product=hairtamin-scalp-serum-gorgeous-growth"]}]},{"@type":"BreadcrumbList","@id":"https:\/\/hairtamin.ma\/?product=hairtamin-scalp-serum-gorgeous-growth#breadcrumb","itemListElement":[{"@type":"ListItem","position":1,"name":"Home","item":"https:\/\/hairtamin.ma\/"},{"@type":"ListItem","position":2,"name":"Boutique","item":"https:\/\/hairtamin.ma\/?page_id=2956"},{"@type":"ListItem","position":3,"name":"HAIRtamin S\u00e9rum Gorgeous Growth 15ml"}]}]}},"_links":{"self":[{"href":"https:\/\/hairtamin.ma\/index.php?rest_route=\/wp\/v2\/product\/3416"}],"collection":[{"href":"https:\/\/hairtamin.ma\/index.php?rest_route=\/wp\/v2\/product"}],"about":[{"href":"https:\/\/hairtamin.ma\/index.php?rest_route=\/wp\/v2\/types\/product"}],"replies":[{"embeddable":true,"href":"https:\/\/hairtamin.ma\/index.php?rest_route=%2Fwp%2Fv2%2Fcomments&post=3416"}],"wp:featuredmedia":[{"embeddable":true,"href":"https:\/\/hairtamin.ma\/index.php?rest_route=\/wp\/v2\/media\/3409"}],"wp:attachment":[{"href":"https:\/\/hairtamin.ma\/index.php?rest_route=%2Fwp%2Fv2%2Fmedia&parent=3416"}],"wp:term":[{"taxonomy":"product_cat","embeddable":true,"href":"https:\/\/hairtamin.ma\/index.php?rest_route=%2Fwp%2Fv2%2Fproduct_cat&post=3416"},{"taxonomy":"product_tag","embeddable":true,"href":"https:\/\/hairtamin.ma\/index.php?rest_route=%2Fwp%2Fv2%2Fproduct_tag&post=3416"}],"curies":[{"name":"wp","href":"https:\/\/api.w.org\/{rel}","templated":true}]}}