{"id":3656,"date":"2024-10-21T15:48:58","date_gmt":"2024-10-21T15:52:16","guid":{"rendered":"https:\/\/hairtamin.ma\/?product=hairtamin-biotin-botanicals-shampoo"},"modified":"2026-05-07T22:25:31","modified_gmt":"2026-05-07T22:25:31","slug":"hairtamin-biotin-botanicals-shampoo","status":"publish","type":"product","link":"https:\/\/hairtamin.ma\/?produit=hairtamin-biotin-botanicals-shampoo","title":{"rendered":"HAIRtamin Biotin &amp; Botanicals Shampoo"},"content":{"rendered":"<div>HAIRtamin Biotin &amp; Botanicals Shampoo est une formule quotidienne douce mais puissante, enrichie de notre complexe de croissance capillaire embl\u00e9matique, incluant de la biotine, du curcuma, du romarin, de l&#8217;aloe vera et bien plus, pour aider \u00e0 renforcer, allonger et \u00e9paissir visiblement les cheveux \u00e0 chaque lavage.<\/div>\n<div>\n<ul>\n<li>Propre et sans cruaut\u00e9<\/li>\n<li>Sans sulfates ni parab\u00e8nes<\/li>\n<li>Convient \u00e0 tous types et textures de cheveux<\/li>\n<\/ul>\n<\/div>\n<div>Nous n&#8217;utilisons pas de sulfates, de parab\u00e8nes ni de phtalates. S\u00fbr pour les cheveux color\u00e9s et trait\u00e9s \u00e0 la k\u00e9ratine, adapt\u00e9 \u00e0 tous types de cheveux.<\/p><\/div>\n","protected":false},"excerpt":{"rendered":"<p>HAIRtamin Biotin &amp; Botanicals Shampoo est une formule quotidienne douce mais puissante, enrichie de notre complexe de croissance capillaire embl\u00e9matique, incluant de la biotine, du curcuma, du romarin, de l&#8217;aloe vera et bien plus, pour aider \u00e0 renforcer, allonger et \u00e9paissir visiblement les cheveux \u00e0&#8230;<\/p>\n","protected":false},"featured_media":3655,"comment_status":"closed","ping_status":"closed","template":"","meta":{"_mi_skip_tracking":false},"product_cat":[86,86],"product_tag":[],"yoast_head":"<!-- This site is optimized with the Yoast SEO plugin v17.8 - https:\/\/yoast.com\/wordpress\/plugins\/seo\/ -->\n<title>HAIRtamin Biotin &amp; Botanicals Shampoo - HAIRtamin Maroc<\/title>\n<meta name=\"robots\" content=\"index, follow, max-snippet:-1, max-image-preview:large, max-video-preview:-1\" \/>\n<link rel=\"canonical\" href=\"https:\/\/hairtamin.ma\/?product=hairtamin-biotin-botanicals-shampoo\" \/>\n<meta property=\"og:locale\" content=\"fr_FR\" \/>\n<meta property=\"og:type\" content=\"article\" \/>\n<meta property=\"og:title\" content=\"HAIRtamin Biotin &amp; Botanicals Shampoo - HAIRtamin Maroc\" \/>\n<meta property=\"og:description\" content=\"HAIRtamin Biotin &amp; Botanicals Shampoo est une formule quotidienne douce mais puissante, enrichie de notre complexe de croissance capillaire embl\u00e9matique, incluant de la biotine, du curcuma, du romarin, de l&#8217;aloe vera et bien plus, pour aider \u00e0 renforcer, allonger et \u00e9paissir visiblement les cheveux \u00e0...\" \/>\n<meta property=\"og:url\" content=\"https:\/\/hairtamin.ma\/?product=hairtamin-biotin-botanicals-shampoo\" \/>\n<meta property=\"og:site_name\" content=\"HAIRtamin Maroc\" \/>\n<meta property=\"article:modified_time\" content=\"2026-05-07T22:25:31+00:00\" \/>\n<meta name=\"twitter:card\" content=\"summary_large_image\" \/>\n<meta name=\"twitter:image\" content=\"https:\/\/hairtamin.ma\/wp-content\/uploads\/2024\/10\/shampoo1_4d12a535-a366-4d7f-923c-9554b131fcf5.webp\" \/>\n<script type=\"application\/ld+json\" class=\"yoast-schema-graph\">{\"@context\":\"https:\/\/schema.org\",\"@graph\":[{\"@type\":\"Organization\",\"@id\":\"https:\/\/hairtamin.ma\/#organization\",\"name\":\"HAIRtamin Maroc\",\"url\":\"https:\/\/hairtamin.ma\/\",\"sameAs\":[],\"logo\":{\"@type\":\"ImageObject\",\"@id\":\"https:\/\/hairtamin.ma\/#logo\",\"inLanguage\":\"fr-FR\",\"url\":\"https:\/\/hairtamin.ma\/wp-content\/uploads\/2021\/12\/IMG_20211227_125129.png\",\"contentUrl\":\"https:\/\/hairtamin.ma\/wp-content\/uploads\/2021\/12\/IMG_20211227_125129.png\",\"width\":286,\"height\":286,\"caption\":\"HAIRtamin Maroc\"},\"image\":{\"@id\":\"https:\/\/hairtamin.ma\/#logo\"}},{\"@type\":\"WebSite\",\"@id\":\"https:\/\/hairtamin.ma\/#website\",\"url\":\"https:\/\/hairtamin.ma\/\",\"name\":\"HAIRtamin Maroc\",\"description\":\"Vitamines Essentielles Pour Les Cheveux\",\"publisher\":{\"@id\":\"https:\/\/hairtamin.ma\/#organization\"},\"potentialAction\":[{\"@type\":\"SearchAction\",\"target\":{\"@type\":\"EntryPoint\",\"urlTemplate\":\"https:\/\/hairtamin.ma\/?s={search_term_string}\"},\"query-input\":\"required name=search_term_string\"}],\"inLanguage\":\"fr-FR\"},{\"@type\":\"ImageObject\",\"@id\":\"https:\/\/hairtamin.ma\/?product=hairtamin-biotin-botanicals-shampoo#primaryimage\",\"inLanguage\":\"fr-FR\",\"url\":\"https:\/\/hairtamin.ma\/wp-content\/uploads\/2024\/10\/shampoo1_4d12a535-a366-4d7f-923c-9554b131fcf5.webp\",\"contentUrl\":\"https:\/\/hairtamin.ma\/wp-content\/uploads\/2024\/10\/shampoo1_4d12a535-a366-4d7f-923c-9554b131fcf5.webp\",\"width\":823,\"height\":823},{\"@type\":\"WebPage\",\"@id\":\"https:\/\/hairtamin.ma\/?product=hairtamin-biotin-botanicals-shampoo#webpage\",\"url\":\"https:\/\/hairtamin.ma\/?product=hairtamin-biotin-botanicals-shampoo\",\"name\":\"HAIRtamin Biotin &amp; Botanicals Shampoo - HAIRtamin Maroc\",\"isPartOf\":{\"@id\":\"https:\/\/hairtamin.ma\/#website\"},\"primaryImageOfPage\":{\"@id\":\"https:\/\/hairtamin.ma\/?product=hairtamin-biotin-botanicals-shampoo#primaryimage\"},\"datePublished\":\"2024-10-21T15:52:16+00:00\",\"dateModified\":\"2026-05-07T22:25:31+00:00\",\"breadcrumb\":{\"@id\":\"https:\/\/hairtamin.ma\/?product=hairtamin-biotin-botanicals-shampoo#breadcrumb\"},\"inLanguage\":\"fr-FR\",\"potentialAction\":[{\"@type\":\"ReadAction\",\"target\":[\"https:\/\/hairtamin.ma\/?product=hairtamin-biotin-botanicals-shampoo\"]}]},{\"@type\":\"BreadcrumbList\",\"@id\":\"https:\/\/hairtamin.ma\/?product=hairtamin-biotin-botanicals-shampoo#breadcrumb\",\"itemListElement\":[{\"@type\":\"ListItem\",\"position\":1,\"name\":\"Home\",\"item\":\"https:\/\/hairtamin.ma\/\"},{\"@type\":\"ListItem\",\"position\":2,\"name\":\"Boutique\",\"item\":\"https:\/\/hairtamin.ma\/?page_id=2956\"},{\"@type\":\"ListItem\",\"position\":3,\"name\":\"HAIRtamin Biotin &amp; Botanicals Shampoo\"}]}]}<\/script>\n<!-- \/ Yoast SEO plugin. -->","yoast_head_json":{"title":"HAIRtamin Biotin &amp; Botanicals Shampoo - HAIRtamin Maroc","robots":{"index":"index","follow":"follow","max-snippet":"max-snippet:-1","max-image-preview":"max-image-preview:large","max-video-preview":"max-video-preview:-1"},"canonical":"https:\/\/hairtamin.ma\/?product=hairtamin-biotin-botanicals-shampoo","og_locale":"fr_FR","og_type":"article","og_title":"HAIRtamin Biotin &amp; Botanicals Shampoo - HAIRtamin Maroc","og_description":"HAIRtamin Biotin &amp; Botanicals Shampoo est une formule quotidienne douce mais puissante, enrichie de notre complexe de croissance capillaire embl\u00e9matique, incluant de la biotine, du curcuma, du romarin, de l&#8217;aloe vera et bien plus, pour aider \u00e0 renforcer, allonger et \u00e9paissir visiblement les cheveux \u00e0...","og_url":"https:\/\/hairtamin.ma\/?product=hairtamin-biotin-botanicals-shampoo","og_site_name":"HAIRtamin Maroc","article_modified_time":"2026-05-07T22:25:31+00:00","twitter_card":"summary_large_image","twitter_image":"https:\/\/hairtamin.ma\/wp-content\/uploads\/2024\/10\/shampoo1_4d12a535-a366-4d7f-923c-9554b131fcf5.webp","schema":{"@context":"https:\/\/schema.org","@graph":[{"@type":"Organization","@id":"https:\/\/hairtamin.ma\/#organization","name":"HAIRtamin Maroc","url":"https:\/\/hairtamin.ma\/","sameAs":[],"logo":{"@type":"ImageObject","@id":"https:\/\/hairtamin.ma\/#logo","inLanguage":"fr-FR","url":"https:\/\/hairtamin.ma\/wp-content\/uploads\/2021\/12\/IMG_20211227_125129.png","contentUrl":"https:\/\/hairtamin.ma\/wp-content\/uploads\/2021\/12\/IMG_20211227_125129.png","width":286,"height":286,"caption":"HAIRtamin Maroc"},"image":{"@id":"https:\/\/hairtamin.ma\/#logo"}},{"@type":"WebSite","@id":"https:\/\/hairtamin.ma\/#website","url":"https:\/\/hairtamin.ma\/","name":"HAIRtamin Maroc","description":"Vitamines Essentielles Pour Les Cheveux","publisher":{"@id":"https:\/\/hairtamin.ma\/#organization"},"potentialAction":[{"@type":"SearchAction","target":{"@type":"EntryPoint","urlTemplate":"https:\/\/hairtamin.ma\/?s={search_term_string}"},"query-input":"required name=search_term_string"}],"inLanguage":"fr-FR"},{"@type":"ImageObject","@id":"https:\/\/hairtamin.ma\/?product=hairtamin-biotin-botanicals-shampoo#primaryimage","inLanguage":"fr-FR","url":"https:\/\/hairtamin.ma\/wp-content\/uploads\/2024\/10\/shampoo1_4d12a535-a366-4d7f-923c-9554b131fcf5.webp","contentUrl":"https:\/\/hairtamin.ma\/wp-content\/uploads\/2024\/10\/shampoo1_4d12a535-a366-4d7f-923c-9554b131fcf5.webp","width":823,"height":823},{"@type":"WebPage","@id":"https:\/\/hairtamin.ma\/?product=hairtamin-biotin-botanicals-shampoo#webpage","url":"https:\/\/hairtamin.ma\/?product=hairtamin-biotin-botanicals-shampoo","name":"HAIRtamin Biotin &amp; Botanicals Shampoo - HAIRtamin Maroc","isPartOf":{"@id":"https:\/\/hairtamin.ma\/#website"},"primaryImageOfPage":{"@id":"https:\/\/hairtamin.ma\/?product=hairtamin-biotin-botanicals-shampoo#primaryimage"},"datePublished":"2024-10-21T15:52:16+00:00","dateModified":"2026-05-07T22:25:31+00:00","breadcrumb":{"@id":"https:\/\/hairtamin.ma\/?product=hairtamin-biotin-botanicals-shampoo#breadcrumb"},"inLanguage":"fr-FR","potentialAction":[{"@type":"ReadAction","target":["https:\/\/hairtamin.ma\/?product=hairtamin-biotin-botanicals-shampoo"]}]},{"@type":"BreadcrumbList","@id":"https:\/\/hairtamin.ma\/?product=hairtamin-biotin-botanicals-shampoo#breadcrumb","itemListElement":[{"@type":"ListItem","position":1,"name":"Home","item":"https:\/\/hairtamin.ma\/"},{"@type":"ListItem","position":2,"name":"Boutique","item":"https:\/\/hairtamin.ma\/?page_id=2956"},{"@type":"ListItem","position":3,"name":"HAIRtamin Biotin &amp; Botanicals Shampoo"}]}]}},"_links":{"self":[{"href":"https:\/\/hairtamin.ma\/index.php?rest_route=\/wp\/v2\/product\/3656"}],"collection":[{"href":"https:\/\/hairtamin.ma\/index.php?rest_route=\/wp\/v2\/product"}],"about":[{"href":"https:\/\/hairtamin.ma\/index.php?rest_route=\/wp\/v2\/types\/product"}],"replies":[{"embeddable":true,"href":"https:\/\/hairtamin.ma\/index.php?rest_route=%2Fwp%2Fv2%2Fcomments&post=3656"}],"wp:featuredmedia":[{"embeddable":true,"href":"https:\/\/hairtamin.ma\/index.php?rest_route=\/wp\/v2\/media\/3655"}],"wp:attachment":[{"href":"https:\/\/hairtamin.ma\/index.php?rest_route=%2Fwp%2Fv2%2Fmedia&parent=3656"}],"wp:term":[{"taxonomy":"product_cat","embeddable":true,"href":"https:\/\/hairtamin.ma\/index.php?rest_route=%2Fwp%2Fv2%2Fproduct_cat&post=3656"},{"taxonomy":"product_tag","embeddable":true,"href":"https:\/\/hairtamin.ma\/index.php?rest_route=%2Fwp%2Fv2%2Fproduct_tag&post=3656"}],"curies":[{"name":"wp","href":"https:\/\/api.w.org\/{rel}","templated":true}]}}