{"id":3750,"date":"2024-12-27T09:57:43","date_gmt":"2024-12-27T10:07:43","guid":{"rendered":"https:\/\/hairtamin.ma\/?product=hairtamin-skintamin"},"modified":"2026-05-07T22:25:31","modified_gmt":"2026-05-07T22:25:31","slug":"hairtamin-skintamin","status":"publish","type":"product","link":"https:\/\/hairtamin.ma\/?produit=hairtamin-skintamin","title":{"rendered":"HAIRtamin SKINtamin"},"content":{"rendered":"<p>Une formule compl\u00e8te, d\u00e9velopp\u00e9e par des m\u00e9decins, pour sublimer la peau en une seule prise quotidienne. Elle contient 22 ingr\u00e9dients naturels, notamment du collag\u00e8ne sans cruaut\u00e9 (types I, V et X) extrait de membrane coquilli\u00e8re, de l\u2019amla bio, de l\u2019extrait de safran, du resv\u00e9ratrol, ainsi que des vitamines A, C, E, B12, du zinc et de l\u2019acide hyaluronique, pour soutenir la sant\u00e9 de la peau de l\u2019int\u00e9rieur. Juste une capsule par jour.<br \/>Mode d\u2019emploi : Prenez une capsule par jour ou selon les indications d\u2019un professionnel de sant\u00e9. Vous pouvez avaler la capsule enti\u00e8re avec de l\u2019eau, ou la tordre, l\u2019ouvrir et saupoudrer son contenu sur un aliment ou dans une boisson de votre choix. <\/p>\n","protected":false},"excerpt":{"rendered":"<ul>\n<li>Con\u00e7u pour favoriser la formation de collag\u00e8ne et r\u00e9duire les rides.<\/li>\n<li>Formul\u00e9 pour aider \u00e0 r\u00e9duire les imperfections et les \u00e9ruptions cutan\u00e9es.<\/li>\n<li>Peut contribuer \u00e0 am\u00e9liorer la fermet\u00e9 et l\u2019\u00e9lasticit\u00e9 de la peau.<\/li>\n<li>Peut aider \u00e0 illuminer et uniformiser le teint.<\/li>\n<\/ul>\n","protected":false},"featured_media":3872,"comment_status":"closed","ping_status":"closed","template":"","meta":{"_mi_skip_tracking":false},"product_cat":[75,75],"product_tag":[],"yoast_head":"<!-- This site is optimized with the Yoast SEO plugin v17.8 - https:\/\/yoast.com\/wordpress\/plugins\/seo\/ -->\n<title>HAIRtamin SKINtamin - HAIRtamin Maroc<\/title>\n<meta name=\"robots\" content=\"index, follow, max-snippet:-1, max-image-preview:large, max-video-preview:-1\" \/>\n<link rel=\"canonical\" href=\"https:\/\/hairtamin.ma\/?product=hairtamin-skintamin\" \/>\n<meta property=\"og:locale\" content=\"fr_FR\" \/>\n<meta property=\"og:type\" content=\"article\" \/>\n<meta property=\"og:title\" content=\"HAIRtamin SKINtamin - HAIRtamin Maroc\" \/>\n<meta property=\"og:description\" content=\"Con\u00e7u pour favoriser la formation de collag\u00e8ne et r\u00e9duire les rides.  Formul\u00e9 pour aider \u00e0 r\u00e9duire les imperfections et les \u00e9ruptions cutan\u00e9es.  Peut contribuer \u00e0 am\u00e9liorer la fermet\u00e9 et l\u2019\u00e9lasticit\u00e9 de la peau.  Peut aider \u00e0 illuminer et uniformiser le teint.\" \/>\n<meta property=\"og:url\" content=\"https:\/\/hairtamin.ma\/?product=hairtamin-skintamin\" \/>\n<meta property=\"og:site_name\" content=\"HAIRtamin Maroc\" \/>\n<meta property=\"article:modified_time\" content=\"2026-05-07T22:25:31+00:00\" \/>\n<meta name=\"twitter:card\" content=\"summary_large_image\" \/>\n<meta name=\"twitter:image\" content=\"https:\/\/hairtamin.ma\/wp-content\/uploads\/2024\/12\/skinwhatsinside.webp\" \/>\n<meta name=\"twitter:label1\" content=\"Dur\u00e9e de lecture estim\u00e9e\" \/>\n\t<meta name=\"twitter:data1\" content=\"1 minute\" \/>\n<script type=\"application\/ld+json\" class=\"yoast-schema-graph\">{\"@context\":\"https:\/\/schema.org\",\"@graph\":[{\"@type\":\"Organization\",\"@id\":\"https:\/\/hairtamin.ma\/#organization\",\"name\":\"HAIRtamin Maroc\",\"url\":\"https:\/\/hairtamin.ma\/\",\"sameAs\":[],\"logo\":{\"@type\":\"ImageObject\",\"@id\":\"https:\/\/hairtamin.ma\/#logo\",\"inLanguage\":\"fr-FR\",\"url\":\"https:\/\/hairtamin.ma\/wp-content\/uploads\/2021\/12\/IMG_20211227_125129.png\",\"contentUrl\":\"https:\/\/hairtamin.ma\/wp-content\/uploads\/2021\/12\/IMG_20211227_125129.png\",\"width\":286,\"height\":286,\"caption\":\"HAIRtamin Maroc\"},\"image\":{\"@id\":\"https:\/\/hairtamin.ma\/#logo\"}},{\"@type\":\"WebSite\",\"@id\":\"https:\/\/hairtamin.ma\/#website\",\"url\":\"https:\/\/hairtamin.ma\/\",\"name\":\"HAIRtamin Maroc\",\"description\":\"Vitamines Essentielles Pour Les Cheveux\",\"publisher\":{\"@id\":\"https:\/\/hairtamin.ma\/#organization\"},\"potentialAction\":[{\"@type\":\"SearchAction\",\"target\":{\"@type\":\"EntryPoint\",\"urlTemplate\":\"https:\/\/hairtamin.ma\/?s={search_term_string}\"},\"query-input\":\"required name=search_term_string\"}],\"inLanguage\":\"fr-FR\"},{\"@type\":\"ImageObject\",\"@id\":\"https:\/\/hairtamin.ma\/?product=hairtamin-skintamin#primaryimage\",\"inLanguage\":\"fr-FR\",\"url\":\"https:\/\/hairtamin.ma\/wp-content\/uploads\/2024\/12\/hairtamin-skintamin-skin-vitamins-front.png\",\"contentUrl\":\"https:\/\/hairtamin.ma\/wp-content\/uploads\/2024\/12\/hairtamin-skintamin-skin-vitamins-front.png\",\"width\":1100,\"height\":1100},{\"@type\":\"WebPage\",\"@id\":\"https:\/\/hairtamin.ma\/?product=hairtamin-skintamin#webpage\",\"url\":\"https:\/\/hairtamin.ma\/?product=hairtamin-skintamin\",\"name\":\"HAIRtamin SKINtamin - HAIRtamin Maroc\",\"isPartOf\":{\"@id\":\"https:\/\/hairtamin.ma\/#website\"},\"primaryImageOfPage\":{\"@id\":\"https:\/\/hairtamin.ma\/?product=hairtamin-skintamin#primaryimage\"},\"datePublished\":\"2024-12-27T10:07:43+00:00\",\"dateModified\":\"2026-05-07T22:25:31+00:00\",\"breadcrumb\":{\"@id\":\"https:\/\/hairtamin.ma\/?product=hairtamin-skintamin#breadcrumb\"},\"inLanguage\":\"fr-FR\",\"potentialAction\":[{\"@type\":\"ReadAction\",\"target\":[\"https:\/\/hairtamin.ma\/?product=hairtamin-skintamin\"]}]},{\"@type\":\"BreadcrumbList\",\"@id\":\"https:\/\/hairtamin.ma\/?product=hairtamin-skintamin#breadcrumb\",\"itemListElement\":[{\"@type\":\"ListItem\",\"position\":1,\"name\":\"Home\",\"item\":\"https:\/\/hairtamin.ma\/\"},{\"@type\":\"ListItem\",\"position\":2,\"name\":\"Boutique\",\"item\":\"https:\/\/hairtamin.ma\/?page_id=2956\"},{\"@type\":\"ListItem\",\"position\":3,\"name\":\"HAIRtamin SKINtamin\"}]}]}<\/script>\n<!-- \/ Yoast SEO plugin. -->","yoast_head_json":{"title":"HAIRtamin SKINtamin - HAIRtamin Maroc","robots":{"index":"index","follow":"follow","max-snippet":"max-snippet:-1","max-image-preview":"max-image-preview:large","max-video-preview":"max-video-preview:-1"},"canonical":"https:\/\/hairtamin.ma\/?product=hairtamin-skintamin","og_locale":"fr_FR","og_type":"article","og_title":"HAIRtamin SKINtamin - HAIRtamin Maroc","og_description":"Con\u00e7u pour favoriser la formation de collag\u00e8ne et r\u00e9duire les rides.  Formul\u00e9 pour aider \u00e0 r\u00e9duire les imperfections et les \u00e9ruptions cutan\u00e9es.  Peut contribuer \u00e0 am\u00e9liorer la fermet\u00e9 et l\u2019\u00e9lasticit\u00e9 de la peau.  Peut aider \u00e0 illuminer et uniformiser le teint.","og_url":"https:\/\/hairtamin.ma\/?product=hairtamin-skintamin","og_site_name":"HAIRtamin Maroc","article_modified_time":"2026-05-07T22:25:31+00:00","twitter_card":"summary_large_image","twitter_image":"https:\/\/hairtamin.ma\/wp-content\/uploads\/2024\/12\/skinwhatsinside.webp","twitter_misc":{"Dur\u00e9e de lecture estim\u00e9e":"1 minute"},"schema":{"@context":"https:\/\/schema.org","@graph":[{"@type":"Organization","@id":"https:\/\/hairtamin.ma\/#organization","name":"HAIRtamin Maroc","url":"https:\/\/hairtamin.ma\/","sameAs":[],"logo":{"@type":"ImageObject","@id":"https:\/\/hairtamin.ma\/#logo","inLanguage":"fr-FR","url":"https:\/\/hairtamin.ma\/wp-content\/uploads\/2021\/12\/IMG_20211227_125129.png","contentUrl":"https:\/\/hairtamin.ma\/wp-content\/uploads\/2021\/12\/IMG_20211227_125129.png","width":286,"height":286,"caption":"HAIRtamin Maroc"},"image":{"@id":"https:\/\/hairtamin.ma\/#logo"}},{"@type":"WebSite","@id":"https:\/\/hairtamin.ma\/#website","url":"https:\/\/hairtamin.ma\/","name":"HAIRtamin Maroc","description":"Vitamines Essentielles Pour Les Cheveux","publisher":{"@id":"https:\/\/hairtamin.ma\/#organization"},"potentialAction":[{"@type":"SearchAction","target":{"@type":"EntryPoint","urlTemplate":"https:\/\/hairtamin.ma\/?s={search_term_string}"},"query-input":"required name=search_term_string"}],"inLanguage":"fr-FR"},{"@type":"ImageObject","@id":"https:\/\/hairtamin.ma\/?product=hairtamin-skintamin#primaryimage","inLanguage":"fr-FR","url":"https:\/\/hairtamin.ma\/wp-content\/uploads\/2024\/12\/hairtamin-skintamin-skin-vitamins-front.png","contentUrl":"https:\/\/hairtamin.ma\/wp-content\/uploads\/2024\/12\/hairtamin-skintamin-skin-vitamins-front.png","width":1100,"height":1100},{"@type":"WebPage","@id":"https:\/\/hairtamin.ma\/?product=hairtamin-skintamin#webpage","url":"https:\/\/hairtamin.ma\/?product=hairtamin-skintamin","name":"HAIRtamin SKINtamin - HAIRtamin Maroc","isPartOf":{"@id":"https:\/\/hairtamin.ma\/#website"},"primaryImageOfPage":{"@id":"https:\/\/hairtamin.ma\/?product=hairtamin-skintamin#primaryimage"},"datePublished":"2024-12-27T10:07:43+00:00","dateModified":"2026-05-07T22:25:31+00:00","breadcrumb":{"@id":"https:\/\/hairtamin.ma\/?product=hairtamin-skintamin#breadcrumb"},"inLanguage":"fr-FR","potentialAction":[{"@type":"ReadAction","target":["https:\/\/hairtamin.ma\/?product=hairtamin-skintamin"]}]},{"@type":"BreadcrumbList","@id":"https:\/\/hairtamin.ma\/?product=hairtamin-skintamin#breadcrumb","itemListElement":[{"@type":"ListItem","position":1,"name":"Home","item":"https:\/\/hairtamin.ma\/"},{"@type":"ListItem","position":2,"name":"Boutique","item":"https:\/\/hairtamin.ma\/?page_id=2956"},{"@type":"ListItem","position":3,"name":"HAIRtamin SKINtamin"}]}]}},"_links":{"self":[{"href":"https:\/\/hairtamin.ma\/index.php?rest_route=\/wp\/v2\/product\/3750"}],"collection":[{"href":"https:\/\/hairtamin.ma\/index.php?rest_route=\/wp\/v2\/product"}],"about":[{"href":"https:\/\/hairtamin.ma\/index.php?rest_route=\/wp\/v2\/types\/product"}],"replies":[{"embeddable":true,"href":"https:\/\/hairtamin.ma\/index.php?rest_route=%2Fwp%2Fv2%2Fcomments&post=3750"}],"wp:featuredmedia":[{"embeddable":true,"href":"https:\/\/hairtamin.ma\/index.php?rest_route=\/wp\/v2\/media\/3872"}],"wp:attachment":[{"href":"https:\/\/hairtamin.ma\/index.php?rest_route=%2Fwp%2Fv2%2Fmedia&parent=3750"}],"wp:term":[{"taxonomy":"product_cat","embeddable":true,"href":"https:\/\/hairtamin.ma\/index.php?rest_route=%2Fwp%2Fv2%2Fproduct_cat&post=3750"},{"taxonomy":"product_tag","embeddable":true,"href":"https:\/\/hairtamin.ma\/index.php?rest_route=%2Fwp%2Fv2%2Fproduct_tag&post=3750"}],"curies":[{"name":"wp","href":"https:\/\/api.w.org\/{rel}","templated":true}]}}