{"id":3765,"date":"2024-12-27T10:22:18","date_gmt":"2024-12-27T10:23:56","guid":{"rendered":"https:\/\/hairtamin.ma\/?product=hairtamin-biotin-botanicals-conditioner"},"modified":"2024-12-27T10:23:56","modified_gmt":"2024-12-27T10:23:56","slug":"hairtamin-biotin-botanicals-conditioner","status":"publish","type":"product","link":"https:\/\/hairtamin.ma\/?produit=hairtamin-biotin-botanicals-conditioner","title":{"rendered":"HAIRtamin Biotin &amp; Botanicals Conditioner"},"content":{"rendered":"<p>Le HAIRtamin Biotin &amp; Botanicals Conditioner est une formule quotidienne ultra-hydratante et nourrissante, enrichie de notre complexe iconique pour la pousse des cheveux, comprenant de la biotine, du curcuma, du romarin, de l\u2019aloe vera, ainsi que de la vitamine E, des prot\u00e9ines de soie et de l\u2019huile de graines d\u2019\u00e9glantier, pour aider \u00e0 renforcer les cheveux, les rendre plus faciles \u00e0 coiffer et leur offrir une brillance \u00e9clatante \u00e0 chaque utilisation.<br \/>Nous n\u2019utilisons pas de sulfates, de parab\u00e8nes ni de phtalates.<br \/>Sans danger pour les cheveux color\u00e9s et trait\u00e9s \u00e0 la k\u00e9ratine, convient \u00e0 tous les types de cheveux.<\/p>\n","protected":false},"excerpt":{"rendered":"<ul>\n<li>Propre et sans cruaut\u00e9<\/li>\n<li>Sans sulfates ni parab\u00e8nes<\/li>\n<li>Convient \u00e0 tous types et textures de cheveux<\/li>\n<\/ul>\n","protected":false},"featured_media":3758,"comment_status":"open","ping_status":"closed","template":"","meta":{"_mi_skip_tracking":false},"product_cat":[86,86],"product_tag":[],"yoast_head":"<!-- This site is optimized with the Yoast SEO plugin v17.8 - https:\/\/yoast.com\/wordpress\/plugins\/seo\/ -->\n<title>HAIRtamin Biotin &amp; Botanicals Conditioner - HAIRtamin Maroc<\/title>\n<meta name=\"robots\" content=\"index, follow, max-snippet:-1, max-image-preview:large, max-video-preview:-1\" \/>\n<link rel=\"canonical\" href=\"https:\/\/hairtamin.ma\/?product=hairtamin-biotin-botanicals-conditioner\" \/>\n<meta property=\"og:locale\" content=\"fr_FR\" \/>\n<meta property=\"og:type\" content=\"article\" \/>\n<meta property=\"og:title\" content=\"HAIRtamin Biotin &amp; Botanicals Conditioner - HAIRtamin Maroc\" \/>\n<meta property=\"og:description\" content=\"Propre et sans cruaut\u00e9  Sans sulfates ni parab\u00e8nes  Convient \u00e0 tous types et textures de cheveux\" \/>\n<meta property=\"og:url\" content=\"https:\/\/hairtamin.ma\/?product=hairtamin-biotin-botanicals-conditioner\" \/>\n<meta property=\"og:site_name\" content=\"HAIRtamin Maroc\" \/>\n<meta name=\"twitter:card\" content=\"summary_large_image\" \/>\n<meta name=\"twitter:image\" content=\"https:\/\/hairtamin.ma\/wp-content\/uploads\/2024\/12\/conditionerwhatsinside.webp\" \/>\n<meta name=\"twitter:label1\" content=\"Dur\u00e9e de lecture estim\u00e9e\" \/>\n\t<meta name=\"twitter:data1\" content=\"1 minute\" \/>\n<script type=\"application\/ld+json\" class=\"yoast-schema-graph\">{\"@context\":\"https:\/\/schema.org\",\"@graph\":[{\"@type\":\"Organization\",\"@id\":\"https:\/\/hairtamin.ma\/#organization\",\"name\":\"HAIRtamin Maroc\",\"url\":\"https:\/\/hairtamin.ma\/\",\"sameAs\":[],\"logo\":{\"@type\":\"ImageObject\",\"@id\":\"https:\/\/hairtamin.ma\/#logo\",\"inLanguage\":\"fr-FR\",\"url\":\"https:\/\/hairtamin.ma\/wp-content\/uploads\/2021\/12\/IMG_20211227_125129.png\",\"contentUrl\":\"https:\/\/hairtamin.ma\/wp-content\/uploads\/2021\/12\/IMG_20211227_125129.png\",\"width\":286,\"height\":286,\"caption\":\"HAIRtamin Maroc\"},\"image\":{\"@id\":\"https:\/\/hairtamin.ma\/#logo\"}},{\"@type\":\"WebSite\",\"@id\":\"https:\/\/hairtamin.ma\/#website\",\"url\":\"https:\/\/hairtamin.ma\/\",\"name\":\"HAIRtamin Maroc\",\"description\":\"Vitamines Essentielles Pour Les Cheveux\",\"publisher\":{\"@id\":\"https:\/\/hairtamin.ma\/#organization\"},\"potentialAction\":[{\"@type\":\"SearchAction\",\"target\":{\"@type\":\"EntryPoint\",\"urlTemplate\":\"https:\/\/hairtamin.ma\/?s={search_term_string}\"},\"query-input\":\"required name=search_term_string\"}],\"inLanguage\":\"fr-FR\"},{\"@type\":\"ImageObject\",\"@id\":\"https:\/\/hairtamin.ma\/?product=hairtamin-biotin-botanicals-conditioner#primaryimage\",\"inLanguage\":\"fr-FR\",\"url\":\"https:\/\/hairtamin.ma\/wp-content\/uploads\/2024\/12\/conditionerwhatsinside.webp\",\"contentUrl\":\"https:\/\/hairtamin.ma\/wp-content\/uploads\/2024\/12\/conditionerwhatsinside.webp\",\"width\":823,\"height\":823},{\"@type\":\"WebPage\",\"@id\":\"https:\/\/hairtamin.ma\/?product=hairtamin-biotin-botanicals-conditioner#webpage\",\"url\":\"https:\/\/hairtamin.ma\/?product=hairtamin-biotin-botanicals-conditioner\",\"name\":\"HAIRtamin Biotin &amp; Botanicals Conditioner - HAIRtamin Maroc\",\"isPartOf\":{\"@id\":\"https:\/\/hairtamin.ma\/#website\"},\"primaryImageOfPage\":{\"@id\":\"https:\/\/hairtamin.ma\/?product=hairtamin-biotin-botanicals-conditioner#primaryimage\"},\"datePublished\":\"2024-12-27T10:23:56+00:00\",\"dateModified\":\"2024-12-27T10:23:56+00:00\",\"breadcrumb\":{\"@id\":\"https:\/\/hairtamin.ma\/?product=hairtamin-biotin-botanicals-conditioner#breadcrumb\"},\"inLanguage\":\"fr-FR\",\"potentialAction\":[{\"@type\":\"ReadAction\",\"target\":[\"https:\/\/hairtamin.ma\/?product=hairtamin-biotin-botanicals-conditioner\"]}]},{\"@type\":\"BreadcrumbList\",\"@id\":\"https:\/\/hairtamin.ma\/?product=hairtamin-biotin-botanicals-conditioner#breadcrumb\",\"itemListElement\":[{\"@type\":\"ListItem\",\"position\":1,\"name\":\"Home\",\"item\":\"https:\/\/hairtamin.ma\/\"},{\"@type\":\"ListItem\",\"position\":2,\"name\":\"Boutique\",\"item\":\"https:\/\/hairtamin.ma\/?page_id=2956\"},{\"@type\":\"ListItem\",\"position\":3,\"name\":\"HAIRtamin Biotin &amp; Botanicals Conditioner\"}]}]}<\/script>\n<!-- \/ Yoast SEO plugin. -->","yoast_head_json":{"title":"HAIRtamin Biotin &amp; Botanicals Conditioner - HAIRtamin Maroc","robots":{"index":"index","follow":"follow","max-snippet":"max-snippet:-1","max-image-preview":"max-image-preview:large","max-video-preview":"max-video-preview:-1"},"canonical":"https:\/\/hairtamin.ma\/?product=hairtamin-biotin-botanicals-conditioner","og_locale":"fr_FR","og_type":"article","og_title":"HAIRtamin Biotin &amp; Botanicals Conditioner - HAIRtamin Maroc","og_description":"Propre et sans cruaut\u00e9  Sans sulfates ni parab\u00e8nes  Convient \u00e0 tous types et textures de cheveux","og_url":"https:\/\/hairtamin.ma\/?product=hairtamin-biotin-botanicals-conditioner","og_site_name":"HAIRtamin Maroc","twitter_card":"summary_large_image","twitter_image":"https:\/\/hairtamin.ma\/wp-content\/uploads\/2024\/12\/conditionerwhatsinside.webp","twitter_misc":{"Dur\u00e9e de lecture estim\u00e9e":"1 minute"},"schema":{"@context":"https:\/\/schema.org","@graph":[{"@type":"Organization","@id":"https:\/\/hairtamin.ma\/#organization","name":"HAIRtamin Maroc","url":"https:\/\/hairtamin.ma\/","sameAs":[],"logo":{"@type":"ImageObject","@id":"https:\/\/hairtamin.ma\/#logo","inLanguage":"fr-FR","url":"https:\/\/hairtamin.ma\/wp-content\/uploads\/2021\/12\/IMG_20211227_125129.png","contentUrl":"https:\/\/hairtamin.ma\/wp-content\/uploads\/2021\/12\/IMG_20211227_125129.png","width":286,"height":286,"caption":"HAIRtamin Maroc"},"image":{"@id":"https:\/\/hairtamin.ma\/#logo"}},{"@type":"WebSite","@id":"https:\/\/hairtamin.ma\/#website","url":"https:\/\/hairtamin.ma\/","name":"HAIRtamin Maroc","description":"Vitamines Essentielles Pour Les Cheveux","publisher":{"@id":"https:\/\/hairtamin.ma\/#organization"},"potentialAction":[{"@type":"SearchAction","target":{"@type":"EntryPoint","urlTemplate":"https:\/\/hairtamin.ma\/?s={search_term_string}"},"query-input":"required name=search_term_string"}],"inLanguage":"fr-FR"},{"@type":"ImageObject","@id":"https:\/\/hairtamin.ma\/?product=hairtamin-biotin-botanicals-conditioner#primaryimage","inLanguage":"fr-FR","url":"https:\/\/hairtamin.ma\/wp-content\/uploads\/2024\/12\/conditionerwhatsinside.webp","contentUrl":"https:\/\/hairtamin.ma\/wp-content\/uploads\/2024\/12\/conditionerwhatsinside.webp","width":823,"height":823},{"@type":"WebPage","@id":"https:\/\/hairtamin.ma\/?product=hairtamin-biotin-botanicals-conditioner#webpage","url":"https:\/\/hairtamin.ma\/?product=hairtamin-biotin-botanicals-conditioner","name":"HAIRtamin Biotin &amp; Botanicals Conditioner - HAIRtamin Maroc","isPartOf":{"@id":"https:\/\/hairtamin.ma\/#website"},"primaryImageOfPage":{"@id":"https:\/\/hairtamin.ma\/?product=hairtamin-biotin-botanicals-conditioner#primaryimage"},"datePublished":"2024-12-27T10:23:56+00:00","dateModified":"2024-12-27T10:23:56+00:00","breadcrumb":{"@id":"https:\/\/hairtamin.ma\/?product=hairtamin-biotin-botanicals-conditioner#breadcrumb"},"inLanguage":"fr-FR","potentialAction":[{"@type":"ReadAction","target":["https:\/\/hairtamin.ma\/?product=hairtamin-biotin-botanicals-conditioner"]}]},{"@type":"BreadcrumbList","@id":"https:\/\/hairtamin.ma\/?product=hairtamin-biotin-botanicals-conditioner#breadcrumb","itemListElement":[{"@type":"ListItem","position":1,"name":"Home","item":"https:\/\/hairtamin.ma\/"},{"@type":"ListItem","position":2,"name":"Boutique","item":"https:\/\/hairtamin.ma\/?page_id=2956"},{"@type":"ListItem","position":3,"name":"HAIRtamin Biotin &amp; Botanicals Conditioner"}]}]}},"_links":{"self":[{"href":"https:\/\/hairtamin.ma\/index.php?rest_route=\/wp\/v2\/product\/3765"}],"collection":[{"href":"https:\/\/hairtamin.ma\/index.php?rest_route=\/wp\/v2\/product"}],"about":[{"href":"https:\/\/hairtamin.ma\/index.php?rest_route=\/wp\/v2\/types\/product"}],"replies":[{"embeddable":true,"href":"https:\/\/hairtamin.ma\/index.php?rest_route=%2Fwp%2Fv2%2Fcomments&post=3765"}],"wp:featuredmedia":[{"embeddable":true,"href":"https:\/\/hairtamin.ma\/index.php?rest_route=\/wp\/v2\/media\/3758"}],"wp:attachment":[{"href":"https:\/\/hairtamin.ma\/index.php?rest_route=%2Fwp%2Fv2%2Fmedia&parent=3765"}],"wp:term":[{"taxonomy":"product_cat","embeddable":true,"href":"https:\/\/hairtamin.ma\/index.php?rest_route=%2Fwp%2Fv2%2Fproduct_cat&post=3765"},{"taxonomy":"product_tag","embeddable":true,"href":"https:\/\/hairtamin.ma\/index.php?rest_route=%2Fwp%2Fv2%2Fproduct_tag&post=3765"}],"curies":[{"name":"wp","href":"https:\/\/api.w.org\/{rel}","templated":true}]}}